{"id":878,"date":"2022-10-07T16:10:23","date_gmt":"2022-10-07T19:10:23","guid":{"rendered":"https:\/\/www.allempar.com\/site\/produto\/chumbador-concreto-pba\/"},"modified":"2022-12-01T18:41:22","modified_gmt":"2022-12-01T21:41:22","slug":"chumbador-concreto-pba","status":"publish","type":"product","link":"https:\/\/www.allempar.com\/site\/produto\/chumbador-concreto-pba\/","title":{"rendered":"Chumbador Concreto PBA"},"content":{"rendered":"<p>Chumbador PBA \u00c2ncora com Porca e Arruela 5\/8 x 5 Pol.<\/p>\n<p>Os chumbadores PBA s\u00e3o constitu\u00eddos por um parafuso sextavado, uma arruela, uma porca e uma bucha que est\u00e1 localizada na extremidade contraria a de onde fica a porca, essa bucha \u00e9 acionada por impacto, logo depois de feito o furo e limpado esse furo, deve ser colocado o chumbador PBA e com um martelo ou algo do tipo, bater ele at\u00e9 a bucha ser acionada e assim ele fique chumbado no concreto.<\/p>\n<p><strong>Caracter\u00edsticas e vantagens:<\/strong><\/p>\n<ul>\n<li>Chumbador de melhor desempenho na ancoragem mec\u00e2nica;<\/li>\n<li>Utilizado em montagens passantes;<\/li>\n<li>Di\u00e2metro da broca igual ao do chumbador;<\/li>\n<li>Aplica\u00e7\u00e3o de carga imediata;<\/li>\n<li>Sem limita\u00e7\u00e3o de profundidade para instala\u00e7\u00e3o;<\/li>\n<li>Ponta de impacto;<\/li>\n<\/ul>\n<p><strong>Principais aplica\u00e7\u00f5es:<\/strong><\/p>\n<ul>\n<li>Fixa\u00e7\u00e3o de m\u00e1quinas e equipamentos;<\/li>\n<li>Elevadores, plataformas, pontes rolantes;<\/li>\n<li>Estruturas met\u00e1licas;<\/li>\n<li>Sistema de armazenagem e movimenta\u00e7\u00e3o;<\/li>\n<li>Guarda-corpos, corrim\u00f5es e apoios.<\/li>\n<\/ul>\n","protected":false},"excerpt":{"rendered":"<p><strong>Superf\u00edcies recomendadas:<\/strong> Fixa\u00e7\u00e3o de m\u00e1quinas e equipamentos; elevadores, plataformas, pontes rolantes; estruturas met\u00e1licas.<\/p>\n<p><strong>Forma da ponta do parafuso:<\/strong> Cil\u00edndrica.<\/p>\n<p><strong>Material:<\/strong> A\u00e7o.<\/p>\n","protected":false},"featured_media":452,"comment_status":"open","ping_status":"closed","template":"","meta":[],"product_brand":[],"product_cat":[40],"product_tag":[],"class_list":{"0":"post-878","1":"product","2":"type-product","3":"status-publish","4":"has-post-thumbnail","6":"product_cat-fixadores","8":"first","9":"instock","10":"taxable","11":"shipping-taxable","12":"product-type-simple"},"acf":[],"_links":{"self":[{"href":"https:\/\/www.allempar.com\/site\/wp-json\/wp\/v2\/product\/878","targetHints":{"allow":["GET"]}}],"collection":[{"href":"https:\/\/www.allempar.com\/site\/wp-json\/wp\/v2\/product"}],"about":[{"href":"https:\/\/www.allempar.com\/site\/wp-json\/wp\/v2\/types\/product"}],"replies":[{"embeddable":true,"href":"https:\/\/www.allempar.com\/site\/wp-json\/wp\/v2\/comments?post=878"}],"wp:featuredmedia":[{"embeddable":true,"href":"https:\/\/www.allempar.com\/site\/wp-json\/wp\/v2\/media\/452"}],"wp:attachment":[{"href":"https:\/\/www.allempar.com\/site\/wp-json\/wp\/v2\/media?parent=878"}],"wp:term":[{"taxonomy":"product_brand","embeddable":true,"href":"https:\/\/www.allempar.com\/site\/wp-json\/wp\/v2\/product_brand?post=878"},{"taxonomy":"product_cat","embeddable":true,"href":"https:\/\/www.allempar.com\/site\/wp-json\/wp\/v2\/product_cat?post=878"},{"taxonomy":"product_tag","embeddable":true,"href":"https:\/\/www.allempar.com\/site\/wp-json\/wp\/v2\/product_tag?post=878"}],"curies":[{"name":"wp","href":"https:\/\/api.w.org\/{rel}","templated":true}]}}