{"id":851,"date":"2022-10-07T16:10:19","date_gmt":"2022-10-07T19:10:19","guid":{"rendered":"https:\/\/www.allempar.com\/site\/produto\/broca-aco-rapido\/"},"modified":"2022-10-07T16:10:19","modified_gmt":"2022-10-07T19:10:19","slug":"broca-aco-rapido","status":"publish","type":"product","link":"https:\/\/www.allempar.com\/site\/produto\/broca-aco-rapido\/","title":{"rendered":"Broca A\u00e7o R\u00e1pido"},"content":{"rendered":"<p>A\u00e7o<\/p>\n","protected":false},"excerpt":{"rendered":"<p>Broca<\/p>\n","protected":false},"featured_media":427,"comment_status":"open","ping_status":"closed","template":"","meta":[],"product_brand":[],"product_cat":[41],"product_tag":[],"class_list":{"0":"post-851","1":"product","2":"type-product","3":"status-publish","4":"has-post-thumbnail","6":"product_cat-ferramentas","8":"first","9":"instock","10":"taxable","11":"shipping-taxable","12":"product-type-simple"},"acf":[],"_links":{"self":[{"href":"https:\/\/www.allempar.com\/site\/wp-json\/wp\/v2\/product\/851","targetHints":{"allow":["GET"]}}],"collection":[{"href":"https:\/\/www.allempar.com\/site\/wp-json\/wp\/v2\/product"}],"about":[{"href":"https:\/\/www.allempar.com\/site\/wp-json\/wp\/v2\/types\/product"}],"replies":[{"embeddable":true,"href":"https:\/\/www.allempar.com\/site\/wp-json\/wp\/v2\/comments?post=851"}],"wp:featuredmedia":[{"embeddable":true,"href":"https:\/\/www.allempar.com\/site\/wp-json\/wp\/v2\/media\/427"}],"wp:attachment":[{"href":"https:\/\/www.allempar.com\/site\/wp-json\/wp\/v2\/media?parent=851"}],"wp:term":[{"taxonomy":"product_brand","embeddable":true,"href":"https:\/\/www.allempar.com\/site\/wp-json\/wp\/v2\/product_brand?post=851"},{"taxonomy":"product_cat","embeddable":true,"href":"https:\/\/www.allempar.com\/site\/wp-json\/wp\/v2\/product_cat?post=851"},{"taxonomy":"product_tag","embeddable":true,"href":"https:\/\/www.allempar.com\/site\/wp-json\/wp\/v2\/product_tag?post=851"}],"curies":[{"name":"wp","href":"https:\/\/api.w.org\/{rel}","templated":true}]}}