{"id":2149,"date":"2022-12-01T18:29:22","date_gmt":"2022-12-01T21:29:22","guid":{"rendered":"https:\/\/www.allempar.com\/site\/?post_type=product&#038;p=2149"},"modified":"2022-12-01T18:57:04","modified_gmt":"2022-12-01T21:57:04","slug":"cesto-de-bambu-claro-com-tampa-mimo-style","status":"publish","type":"product","link":"https:\/\/www.allempar.com\/site\/produto\/cesto-de-bambu-claro-com-tampa-mimo-style\/","title":{"rendered":"Cesto de Bambu Claro com Tampa &#8211; Mimo Style"},"content":{"rendered":"<p>Cesto Roupa Banheiro\/lavanderia Bambu Retangular Tampa MimoCesto De Bambu Com Tampa ClaroCesto decorativo e funcional para seu ambiente, voc\u00ea pode usar para organizar o c\u00f4modo, guardar brinquedos, roupas ou qualquer item de sua prefer\u00eancia.Cesto produzido com bambu e tecido. Possui tampa com al\u00e7a.n\u00e3o use produtos abrasivos na limpeza.<\/p>\n<ul>\n<li>Medidas: 40 x 30 x 50 cm<\/li>\n<li>produto entregue desmontado, mas n\u00e3o se preocupe, a montagem \u00e9 super f\u00e1cil<\/li>\n<li>Cont\u00e9m: 1 cesto de bambu com tampa<\/li>\n<li>Imagens meramente ilustrativas<\/li>\n<\/ul>\n","protected":false},"excerpt":{"rendered":"<p>Sobre este item: Fabricado em bambu natural renov\u00e1vel com acabamento natural. F\u00e1cil de montar, estrutura de a\u00e7o no interior para mant\u00ea-lo no lugar, design dobr\u00e1vel para armazenamento com economia de espa\u00e7o quando n\u00e3o estiver em uso.<\/p>\n","protected":false},"featured_media":2150,"comment_status":"open","ping_status":"closed","template":"","meta":[],"product_brand":[],"product_cat":[41],"product_tag":[102],"class_list":{"0":"post-2149","1":"product","2":"type-product","3":"status-publish","4":"has-post-thumbnail","6":"product_cat-ferramentas","7":"product_tag-just-home-collection","9":"first","10":"instock","11":"taxable","12":"shipping-taxable","13":"product-type-simple"},"acf":[],"_links":{"self":[{"href":"https:\/\/www.allempar.com\/site\/wp-json\/wp\/v2\/product\/2149","targetHints":{"allow":["GET"]}}],"collection":[{"href":"https:\/\/www.allempar.com\/site\/wp-json\/wp\/v2\/product"}],"about":[{"href":"https:\/\/www.allempar.com\/site\/wp-json\/wp\/v2\/types\/product"}],"replies":[{"embeddable":true,"href":"https:\/\/www.allempar.com\/site\/wp-json\/wp\/v2\/comments?post=2149"}],"wp:featuredmedia":[{"embeddable":true,"href":"https:\/\/www.allempar.com\/site\/wp-json\/wp\/v2\/media\/2150"}],"wp:attachment":[{"href":"https:\/\/www.allempar.com\/site\/wp-json\/wp\/v2\/media?parent=2149"}],"wp:term":[{"taxonomy":"product_brand","embeddable":true,"href":"https:\/\/www.allempar.com\/site\/wp-json\/wp\/v2\/product_brand?post=2149"},{"taxonomy":"product_cat","embeddable":true,"href":"https:\/\/www.allempar.com\/site\/wp-json\/wp\/v2\/product_cat?post=2149"},{"taxonomy":"product_tag","embeddable":true,"href":"https:\/\/www.allempar.com\/site\/wp-json\/wp\/v2\/product_tag?post=2149"}],"curies":[{"name":"wp","href":"https:\/\/api.w.org\/{rel}","templated":true}]}}