{"id":3,"date":"2022-09-28T18:50:50","date_gmt":"2022-09-28T21:50:50","guid":{"rendered":"https:\/\/www.allempar.com\/site\/?page_id=3"},"modified":"2022-11-07T16:06:01","modified_gmt":"2022-11-07T19:06:01","slug":"politica-de-privacidade","status":"publish","type":"page","link":"https:\/\/www.allempar.com\/site\/politica-de-privacidade\/","title":{"rendered":"Pol\u00edtica de privacidade"},"content":{"rendered":"\t\t<div data-elementor-type=\"wp-page\" data-elementor-id=\"3\" class=\"elementor elementor-3\" data-elementor-post-type=\"page\">\n\t\t\t\t\t\t<section class=\"elementor-section elementor-top-section elementor-element elementor-element-7023c31c elementor-section-boxed elementor-section-height-default elementor-section-height-default elementor-invisible\" data-id=\"7023c31c\" data-element_type=\"section\" data-e-type=\"section\" data-settings=\"{&quot;background_background&quot;:&quot;classic&quot;,&quot;animation&quot;:&quot;fadeIn&quot;}\">\n\t\t\t\t\t\t\t<div class=\"elementor-background-overlay\"><\/div>\n\t\t\t\t\t\t\t<div class=\"elementor-container elementor-column-gap-default\">\n\t\t\t\t\t<div class=\"elementor-column elementor-col-100 elementor-top-column elementor-element elementor-element-7778a7b6\" data-id=\"7778a7b6\" data-element_type=\"column\" data-e-type=\"column\">\n\t\t\t<div class=\"elementor-widget-wrap elementor-element-populated\">\n\t\t\t\t\t\t<div class=\"elementor-element elementor-element-2be8c5da dc-has-condition dc-condition-empty elementor-invisible elementor-widget elementor-widget-heading\" data-id=\"2be8c5da\" data-element_type=\"widget\" data-e-type=\"widget\" data-settings=\"{&quot;_animation&quot;:&quot;fadeInDown&quot;}\" data-widget_type=\"heading.default\">\n\t\t\t\t<div class=\"elementor-widget-container\">\n\t\t\t\t\t<h2 class=\"elementor-heading-title elementor-size-default\">A sua privacidade em primeiro lugar<\/h2>\t\t\t\t<\/div>\n\t\t\t\t<\/div>\n\t\t\t\t\t<\/div>\n\t\t<\/div>\n\t\t\t\t\t<\/div>\n\t\t<\/section>\n\t\t\t\t<section class=\"elementor-section elementor-top-section elementor-element elementor-element-b9671ec elementor-section-boxed elementor-section-height-default elementor-section-height-default\" data-id=\"b9671ec\" data-element_type=\"section\" data-e-type=\"section\">\n\t\t\t\t\t\t<div class=\"elementor-container elementor-column-gap-default\">\n\t\t\t\t\t<div class=\"elementor-column elementor-col-100 elementor-top-column elementor-element elementor-element-8a02c5d\" data-id=\"8a02c5d\" data-element_type=\"column\" data-e-type=\"column\">\n\t\t\t<div class=\"elementor-widget-wrap elementor-element-populated\">\n\t\t\t\t\t\t<div class=\"elementor-element elementor-element-37dfb37 elementor-invisible elementor-widget elementor-widget-text-editor\" data-id=\"37dfb37\" data-element_type=\"widget\" data-e-type=\"widget\" data-settings=\"{&quot;_animation&quot;:&quot;fadeInUp&quot;}\" data-widget_type=\"text-editor.default\">\n\t\t\t\t<div class=\"elementor-widget-container\">\n\t\t\t\t\t\t\t\t\t<p>A\u00a0<strong>Allempar Parafusos e Ferragens<\/strong>\u00a0\u00e9 uma empresa de grande relev\u00e2ncia no mercado atrav\u00e9s de grande variedade de produtos de Fixa\u00e7\u00e3o, Ferragens e Ferramentas, entre outros, desde 1983, sendo considerada uma das lojas com maior tradi\u00e7\u00e3o da Grande S\u00e3o Paulo.<\/p>\n<p>Nosso foco est\u00e1 em distribuir e abastecer nacionalmente para as empresas, outros lojistas e qualquer tipo de profissional que tenha a necessidade de algum produto que esteja a venda em nosso cat\u00e1logo.<\/p>\n\t\t\t\t\t\t\t\t<\/div>\n\t\t\t\t<\/div>\n\t\t\t\t<div class=\"elementor-element elementor-element-a8f096f elementor-invisible elementor-widget elementor-widget-heading\" data-id=\"a8f096f\" data-element_type=\"widget\" data-e-type=\"widget\" data-settings=\"{&quot;_animation&quot;:&quot;fadeInUp&quot;}\" data-widget_type=\"heading.default\">\n\t\t\t\t<div class=\"elementor-widget-container\">\n\t\t\t\t\t<h2 class=\"elementor-heading-title elementor-size-default\">Quem Somos<\/h2>\t\t\t\t<\/div>\n\t\t\t\t<\/div>\n\t\t\t\t<div class=\"elementor-element elementor-element-6a78132 elementor-invisible elementor-widget elementor-widget-text-editor\" data-id=\"6a78132\" data-element_type=\"widget\" data-e-type=\"widget\" data-settings=\"{&quot;_animation&quot;:&quot;fadeInUp&quot;}\" data-widget_type=\"text-editor.default\">\n\t\t\t\t<div class=\"elementor-widget-container\">\n\t\t\t\t\t\t\t\t\t<p>Somos a <strong>Allempar Parafusos e Ferragens<\/strong>, empresa do simples nacional registrada sob a raz\u00e3o social:<\/p>\t\t\t\t\t\t\t\t<\/div>\n\t\t\t\t<\/div>\n\t\t\t\t<div class=\"elementor-element elementor-element-5467bfe elementor-invisible elementor-widget elementor-widget-heading\" data-id=\"5467bfe\" data-element_type=\"widget\" data-e-type=\"widget\" data-settings=\"{&quot;_animation&quot;:&quot;fadeInUp&quot;}\" data-widget_type=\"heading.default\">\n\t\t\t\t<div class=\"elementor-widget-container\">\n\t\t\t\t\t<p class=\"elementor-heading-title elementor-size-default\">ALLEMPAR PARAFUSOS E FERRAGENS LTDA.<\/p>\t\t\t\t<\/div>\n\t\t\t\t<\/div>\n\t\t\t\t<div class=\"elementor-element elementor-element-0288be3 elementor-invisible elementor-widget elementor-widget-text-editor\" data-id=\"0288be3\" data-element_type=\"widget\" data-e-type=\"widget\" data-settings=\"{&quot;_animation&quot;:&quot;fadeInUp&quot;}\" data-widget_type=\"text-editor.default\">\n\t\t\t\t<div class=\"elementor-widget-container\">\n\t\t\t\t\t\t\t\t\t<p>Nosso n\u00famero de inscri\u00e7\u00e3o de CNPJ \u00e9:<\/p>\t\t\t\t\t\t\t\t<\/div>\n\t\t\t\t<\/div>\n\t\t\t\t<div class=\"elementor-element elementor-element-c4f8f43 elementor-invisible elementor-widget elementor-widget-heading\" data-id=\"c4f8f43\" data-element_type=\"widget\" data-e-type=\"widget\" data-settings=\"{&quot;_animation&quot;:&quot;fadeInUp&quot;}\" data-widget_type=\"heading.default\">\n\t\t\t\t<div class=\"elementor-widget-container\">\n\t\t\t\t\t<p class=\"elementor-heading-title elementor-size-default\">50.235.142\/0001-06<\/p>\t\t\t\t<\/div>\n\t\t\t\t<\/div>\n\t\t\t\t<div class=\"elementor-element elementor-element-e480f5b elementor-invisible elementor-widget elementor-widget-text-editor\" data-id=\"e480f5b\" data-element_type=\"widget\" data-e-type=\"widget\" data-settings=\"{&quot;_animation&quot;:&quot;fadeInUp&quot;}\" data-widget_type=\"text-editor.default\">\n\t\t\t\t<div class=\"elementor-widget-container\">\n\t\t\t\t\t\t\t\t\t<p>Nossa sede fica localizada \u00e0:<\/p>\t\t\t\t\t\t\t\t<\/div>\n\t\t\t\t<\/div>\n\t\t\t\t<div class=\"elementor-element elementor-element-8ac6842 elementor-invisible elementor-widget elementor-widget-heading\" data-id=\"8ac6842\" data-element_type=\"widget\" data-e-type=\"widget\" data-settings=\"{&quot;_animation&quot;:&quot;fadeInUp&quot;}\" data-widget_type=\"heading.default\">\n\t\t\t\t<div class=\"elementor-widget-container\">\n\t\t\t\t\t<p class=\"elementor-heading-title elementor-size-default\">R. Prof. Assis Veloso, 382<br \/>\r\nJardim S\u00e3o Vicente<br \/>\r\nS\u00e3o Paulo, SP<br \/>\r\n08021-470<\/p>\t\t\t\t<\/div>\n\t\t\t\t<\/div>\n\t\t\t\t<div class=\"elementor-element elementor-element-f139adf elementor-invisible elementor-widget elementor-widget-heading\" data-id=\"f139adf\" data-element_type=\"widget\" data-e-type=\"widget\" data-settings=\"{&quot;_animation&quot;:&quot;fadeInUp&quot;}\" data-widget_type=\"heading.default\">\n\t\t\t\t<div class=\"elementor-widget-container\">\n\t\t\t\t\t<h2 class=\"elementor-heading-title elementor-size-default\">Nossa Pol\u00edtica de Privacidade<\/h2>\t\t\t\t<\/div>\n\t\t\t\t<\/div>\n\t\t\t\t<div class=\"elementor-element elementor-element-26fa061 elementor-invisible elementor-widget elementor-widget-text-editor\" data-id=\"26fa061\" data-element_type=\"widget\" data-e-type=\"widget\" data-settings=\"{&quot;_animation&quot;:&quot;fadeInUp&quot;}\" data-widget_type=\"text-editor.default\">\n\t\t\t\t<div class=\"elementor-widget-container\">\n\t\t\t\t\t\t\t\t\t<p>A\u00a0<strong>Allempar Parafusos e Ferragens<\/strong>\u00a0tem como compromisso respeitar sua privacidade e garantir o sigilo de todas as informa\u00e7\u00f5es que nos forem fornecidas. Todos os dados cadastrados no site s\u00e3o utilizados apenas para melhorar sua experi\u00eancia de compra e mant\u00ea-lo atualizado sobre nossas promo\u00e7\u00f5es e vantagens oferecidas, quando autorizado por voc\u00ea.<\/p>\n<p>Para seu cadastro no site, solicitamos informa\u00e7\u00f5es cadastrais simples para que o usu\u00e1rio possa criar a sua conta, garantir descontos, realizar e agilizar a sua compra de forma segura e visando facilitar o processo de compras futuras. Para finaliza\u00e7\u00e3o da sua compra e entrega do produto, solicitamos informa\u00e7\u00f5es adicionais, como: endere\u00e7o, telefone, cidade e estado.<\/p>\n\t\t\t\t\t\t\t\t<\/div>\n\t\t\t\t<\/div>\n\t\t\t\t<div class=\"elementor-element elementor-element-c40e337 elementor-invisible elementor-widget elementor-widget-heading\" data-id=\"c40e337\" data-element_type=\"widget\" data-e-type=\"widget\" data-settings=\"{&quot;_animation&quot;:&quot;fadeInUp&quot;}\" data-widget_type=\"heading.default\">\n\t\t\t\t<div class=\"elementor-widget-container\">\n\t\t\t\t\t<h3 class=\"elementor-heading-title elementor-size-default\">Cookies<\/h3>\t\t\t\t<\/div>\n\t\t\t\t<\/div>\n\t\t\t\t<div class=\"elementor-element elementor-element-e37568e elementor-invisible elementor-widget elementor-widget-text-editor\" data-id=\"e37568e\" data-element_type=\"widget\" data-e-type=\"widget\" data-settings=\"{&quot;_animation&quot;:&quot;fadeInUp&quot;}\" data-widget_type=\"text-editor.default\">\n\t\t\t\t<div class=\"elementor-widget-container\">\n\t\t\t\t\t\t\t\t\t<p>Respeitamos a privacidade dos dados dos nossos usu\u00e1rios e armazenamos eles em ambiente extremamente seguro para personalizar a navega\u00e7\u00e3o e trazer melhor experi\u00eancia e praticidade. Por isso instalamos \u201ccookies\u201d no seu dispositivo de acesso em busca de identificar e entregar melhor experi\u00eancia de navega\u00e7\u00e3o para todos usu\u00e1rios. Para mais informa\u00e7\u00f5es, veja a nossa p\u00e1gina de\u00a0<a href=\"https:\/\/www.allempar.com\/site\/politica-de-cookies\/\"><strong>Pol\u00edtica de Cookies<\/strong><\/a>.<\/p>\n\t\t\t\t\t\t\t\t<\/div>\n\t\t\t\t<\/div>\n\t\t\t\t<div class=\"elementor-element elementor-element-463a89d elementor-invisible elementor-widget elementor-widget-heading\" data-id=\"463a89d\" data-element_type=\"widget\" data-e-type=\"widget\" data-settings=\"{&quot;_animation&quot;:&quot;fadeInUp&quot;}\" data-widget_type=\"heading.default\">\n\t\t\t\t<div class=\"elementor-widget-container\">\n\t\t\t\t\t<h3 class=\"elementor-heading-title elementor-size-default\">Com quem compartilhamos seus dados<\/h3>\t\t\t\t<\/div>\n\t\t\t\t<\/div>\n\t\t\t\t<div class=\"elementor-element elementor-element-85b8cc7 elementor-invisible elementor-widget elementor-widget-text-editor\" data-id=\"85b8cc7\" data-element_type=\"widget\" data-e-type=\"widget\" data-settings=\"{&quot;_animation&quot;:&quot;fadeInUp&quot;}\" data-widget_type=\"text-editor.default\">\n\t\t\t\t<div class=\"elementor-widget-container\">\n\t\t\t\t\t\t\t\t\t<p>N\u00f3s n\u00e3o compartilhamos seus dados com nenhum de nossas parceiros ou fornecedores. Por\u00e9m, se voc\u00ea solicitar uma redefini\u00e7\u00e3o de senha, seu endere\u00e7o de IP ser\u00e1 inclu\u00eddo no e-mail de redefini\u00e7\u00e3o de senha.<\/p>\n\t\t\t\t\t\t\t\t<\/div>\n\t\t\t\t<\/div>\n\t\t\t\t<div class=\"elementor-element elementor-element-5d6a121 elementor-invisible elementor-widget elementor-widget-heading\" data-id=\"5d6a121\" data-element_type=\"widget\" data-e-type=\"widget\" data-settings=\"{&quot;_animation&quot;:&quot;fadeInUp&quot;}\" data-widget_type=\"heading.default\">\n\t\t\t\t<div class=\"elementor-widget-container\">\n\t\t\t\t\t<h3 class=\"elementor-heading-title elementor-size-default\">Por quanto tempo mantemos os seus dados<\/h3>\t\t\t\t<\/div>\n\t\t\t\t<\/div>\n\t\t\t\t<div class=\"elementor-element elementor-element-af3f064 elementor-invisible elementor-widget elementor-widget-text-editor\" data-id=\"af3f064\" data-element_type=\"widget\" data-e-type=\"widget\" data-settings=\"{&quot;_animation&quot;:&quot;fadeInUp&quot;}\" data-widget_type=\"text-editor.default\">\n\t\t\t\t<div class=\"elementor-widget-container\">\n\t\t\t\t\t\t\t\t\t<p>Para usu\u00e1rios que se registram no nosso site (se houver), tamb\u00e9m guardamos as informa\u00e7\u00f5es pessoais que fornecem no seu perfil de usu\u00e1rio. Todos os usu\u00e1rios podem ver, editar ou excluir suas informa\u00e7\u00f5es pessoais a qualquer momento (s\u00f3 n\u00e3o \u00e9 poss\u00edvel alterar o seu\u00a0<em>username<\/em>). Os administradores de sites tamb\u00e9m podem ver e editar estas informa\u00e7\u00f5es.<\/p>\n\t\t\t\t\t\t\t\t<\/div>\n\t\t\t\t<\/div>\n\t\t\t\t<div class=\"elementor-element elementor-element-62df24b elementor-invisible elementor-widget elementor-widget-heading\" data-id=\"62df24b\" data-element_type=\"widget\" data-e-type=\"widget\" data-settings=\"{&quot;_animation&quot;:&quot;fadeInUp&quot;}\" data-widget_type=\"heading.default\">\n\t\t\t\t<div class=\"elementor-widget-container\">\n\t\t\t\t\t<h3 class=\"elementor-heading-title elementor-size-default\">Quais os seus direitos sobre seus dados<\/h3>\t\t\t\t<\/div>\n\t\t\t\t<\/div>\n\t\t\t\t<div class=\"elementor-element elementor-element-1bcc5fd elementor-invisible elementor-widget elementor-widget-text-editor\" data-id=\"1bcc5fd\" data-element_type=\"widget\" data-e-type=\"widget\" data-settings=\"{&quot;_animation&quot;:&quot;fadeInUp&quot;}\" data-widget_type=\"text-editor.default\">\n\t\t\t\t<div class=\"elementor-widget-container\">\n\t\t\t\t\t\t\t\t\t<p>Se voc\u00ea tiver uma conta neste site, pode solicitar um arquivo exportado dos dados pessoais que mantemos sobre voc\u00ea, inclusive quaisquer dados que nos tenha fornecido. Tamb\u00e9m pode solicitar que removamos qualquer dado pessoal que mantemos sobre voc\u00ea. Isto n\u00e3o inclui nenhuns dados que somos obrigados a manter para prop\u00f3sitos administrativos, legais ou de seguran\u00e7a.<\/p>\n\t\t\t\t\t\t\t\t<\/div>\n\t\t\t\t<\/div>\n\t\t\t\t<div class=\"elementor-element elementor-element-d26899b elementor-invisible elementor-widget elementor-widget-heading\" data-id=\"d26899b\" data-element_type=\"widget\" data-e-type=\"widget\" data-settings=\"{&quot;_animation&quot;:&quot;fadeInUp&quot;}\" data-widget_type=\"heading.default\">\n\t\t\t\t<div class=\"elementor-widget-container\">\n\t\t\t\t\t<h3 class=\"elementor-heading-title elementor-size-default\">Nossas obriga\u00e7\u00f5es<\/h3>\t\t\t\t<\/div>\n\t\t\t\t<\/div>\n\t\t\t\t<div class=\"elementor-element elementor-element-b64291f elementor-invisible elementor-widget elementor-widget-text-editor\" data-id=\"b64291f\" data-element_type=\"widget\" data-e-type=\"widget\" data-settings=\"{&quot;_animation&quot;:&quot;fadeInUp&quot;}\" data-widget_type=\"text-editor.default\">\n\t\t\t\t<div class=\"elementor-widget-container\">\n\t\t\t\t\t\t\t\t\t<p>Nossa loja virtual (<em>em fase de desenvolvimento no momento<\/em>) possui sistema de seguran\u00e7a de dados que permite que o usu\u00e1rio fa\u00e7a o seu cadastro em ambiente extremamente seguro. Para garantir uma essa seguran\u00e7a, os seus dados s\u00e3o criptografados (codificados), evitando a perda, uso indevido, altera\u00e7\u00e3o ou acesso n\u00e3o autorizado aos dados pessoais fornecidos, apenas por profissionais qualificados e aptos para tal fun\u00e7\u00e3o. Nossos servidores utilizam o padr\u00e3o de seguran\u00e7a SSL, que criptografa todas suas informa\u00e7\u00f5es pessoais.<\/p>\n\t\t\t\t\t\t\t\t<\/div>\n\t\t\t\t<\/div>\n\t\t\t\t<div class=\"elementor-element elementor-element-7b11100 elementor-invisible elementor-widget elementor-widget-heading\" data-id=\"7b11100\" data-element_type=\"widget\" data-e-type=\"widget\" data-settings=\"{&quot;_animation&quot;:&quot;fadeInUp&quot;}\" data-widget_type=\"heading.default\">\n\t\t\t\t<div class=\"elementor-widget-container\">\n\t\t\t\t\t<h3 class=\"elementor-heading-title elementor-size-default\">Suas obriga\u00e7\u00f5es<\/h3>\t\t\t\t<\/div>\n\t\t\t\t<\/div>\n\t\t\t\t<div class=\"elementor-element elementor-element-05a9256 elementor-invisible elementor-widget elementor-widget-text-editor\" data-id=\"05a9256\" data-element_type=\"widget\" data-e-type=\"widget\" data-settings=\"{&quot;_animation&quot;:&quot;fadeInUp&quot;}\" data-widget_type=\"text-editor.default\">\n\t\t\t\t<div class=\"elementor-widget-container\">\n\t\t\t\t\t\t\t\t\t<p>Ao usu\u00e1rio do site fica respons\u00e1vel em: fornecer corretamente seus dados pessoais e garantir que os mesmos sejam verdadeiros; n\u00e3o transferir, em hip\u00f3tese nenhuma, sua senha digital a terceiros; e em caso de movimenta\u00e7\u00f5es suspeitas ou fraudulentas via seu cadastro e\/ou algum d\u00e9bito indevido via seu cart\u00e3o de cr\u00e9dito utilizado em alguma compras online conosco, entrar em contato o mais breve poss\u00edvel atrav\u00e9s de nossos canais de atendimento para nos informar e para que, caso ainda existir alguma forma de auxiliar na resolu\u00e7\u00e3o por parte da\u00a0<strong>Allempar Parafusos e Ferragens<\/strong>, algu\u00e9m ser\u00e1 prontamente disponibilizado em busca de auxiliar no processo interno da nossa loja.<\/p>\n\t\t\t\t\t\t\t\t<\/div>\n\t\t\t\t<\/div>\n\t\t\t\t\t<\/div>\n\t\t<\/div>\n\t\t\t\t\t<\/div>\n\t\t<\/section>\n\t\t\t\t<\/div>\n\t\t","protected":false},"excerpt":{"rendered":"<p>Quem Somos Somos a Allempar Parafusos e Ferragens, empresa do simples nacional registrada sob a raz\u00e3o social: Nosso n\u00famero de inscri\u00e7\u00e3o de CNPJ \u00e9: Nossa sede fica localizada \u00e0: Nossa Pol\u00edtica de Privacidade Cookies Com quem compartilhamos seus dados Por quanto tempo mantemos os seus dados Quais os seus direitos sobre seus dados Nossas obriga\u00e7\u00f5es [&hellip;]<\/p>\n","protected":false},"author":1,"featured_media":376,"parent":0,"menu_order":10,"comment_status":"closed","ping_status":"closed","template":"","meta":{"footnotes":""},"class_list":["post-3","page","type-page","status-publish","has-post-thumbnail","hentry"],"acf":[],"_links":{"self":[{"href":"https:\/\/www.allempar.com\/site\/wp-json\/wp\/v2\/pages\/3","targetHints":{"allow":["GET"]}}],"collection":[{"href":"https:\/\/www.allempar.com\/site\/wp-json\/wp\/v2\/pages"}],"about":[{"href":"https:\/\/www.allempar.com\/site\/wp-json\/wp\/v2\/types\/page"}],"author":[{"embeddable":true,"href":"https:\/\/www.allempar.com\/site\/wp-json\/wp\/v2\/users\/1"}],"replies":[{"embeddable":true,"href":"https:\/\/www.allempar.com\/site\/wp-json\/wp\/v2\/comments?post=3"}],"version-history":[{"count":48,"href":"https:\/\/www.allempar.com\/site\/wp-json\/wp\/v2\/pages\/3\/revisions"}],"predecessor-version":[{"id":1856,"href":"https:\/\/www.allempar.com\/site\/wp-json\/wp\/v2\/pages\/3\/revisions\/1856"}],"wp:featuredmedia":[{"embeddable":true,"href":"https:\/\/www.allempar.com\/site\/wp-json\/wp\/v2\/media\/376"}],"wp:attachment":[{"href":"https:\/\/www.allempar.com\/site\/wp-json\/wp\/v2\/media?parent=3"}],"curies":[{"name":"wp","href":"https:\/\/api.w.org\/{rel}","templated":true}]}}